{"id":847,"date":"2018-03-15T10:46:39","date_gmt":"2018-03-15T09:46:39","guid":{"rendered":"http:\/\/dev.weingut-julianenhof.de\/?page_id=847"},"modified":"2025-05-08T08:19:02","modified_gmt":"2025-05-08T06:19:02","slug":"agb-weingut","status":"publish","type":"page","link":"https:\/\/www.weingut-julianenhof.de\/weinshop\/agb-weingut\/","title":{"rendered":"AGB Weingut"},"content":{"rendered":"<p>[et_pb_section fb_built=&#8221;1&#8243; fullwidth=&#8221;on&#8221; _builder_version=&#8221;3.22&#8243;][et_pb_fullwidth_image src=&#8221;\/wp-content\/uploads\/2017\/06\/DSC_0269.jpg&#8221; _builder_version=&#8221;3.0.90&#8243; custom_css_main_element=&#8221;(min-width: 600px)height: 515px;&#8221;][\/et_pb_fullwidth_image][\/et_pb_section][et_pb_section fb_built=&#8221;1&#8243; _builder_version=&#8221;3.22&#8243; hover_enabled=&#8221;0&#8243; sticky_enabled=&#8221;0&#8243;][et_pb_row custom_padding_last_edited=&#8221;on|phone&#8221; _builder_version=&#8221;3.25&#8243; background_size=&#8221;initial&#8221; background_position=&#8221;top_left&#8221; background_repeat=&#8221;repeat&#8221; custom_padding=&#8221;|||&#8221; custom_padding_tablet=&#8221;&#8221; custom_padding_phone=&#8221;30px||30px|&#8221; hover_enabled=&#8221;0&#8243; custom_width_percent=&#8221;60%&#8221; sticky_enabled=&#8221;0&#8243;][et_pb_column type=&#8221;4_4&#8243; _builder_version=&#8221;3.25&#8243; background_position=&#8221;top_left&#8221; custom_padding=&#8221;|||&#8221; custom_padding__hover=&#8221;|||&#8221;][et_pb_text _builder_version=&#8221;4.6.5&#8243; hover_enabled=&#8221;0&#8243; sticky_enabled=&#8221;0&#8243;]<\/p>\n<h1><strong>Allgemeine Gesch\u00e4ftsbedingungen (AGB)<\/strong><\/h1>\n<p>1.<br \/>Diese Allgemeinen Gesch\u00e4ftsbedingungen (AGB) gelten f\u00fcr alle Gesch\u00e4ftsbeziehungen zwischen Weingut Julianenhof | Jochen &amp; Laurenz Schmitt GbR | Uttrichstra\u00dfe 9 | 55283 Nierstein am Rhein (nachfolgend \u201ewir&#8221; oder \u201euns&#8221;) und dem Kunden. Sie gelten ausschlie\u00dflich. Abweichende, entgegenstehende oder erg\u00e4nzende AGB des Kunden werden nur dann und insoweit Vertragsbestandteil, als ihrer Geltung durch uns ausdr\u00fccklich schriftlich zugestimmt wurde. Dieses Zustimmungserfordernis gilt in jedem Fall, beispielsweise auch dann, wenn wir in Kenntnis der AGB des Kunden die Lieferung an ihn vorbehaltlos ausf\u00fchren.<\/p>\n<p>2.<br \/>Der Kunde ist Verbraucher, soweit der Zweck der georderten Lieferungen und Leistungen nicht \u00fcberwiegend seiner gewerblichen oder selbst\u00e4ndigen beruflichen T\u00e4tigkeit zugerechnet werden kann. Dagegen ist Unternehmer jede nat\u00fcrliche oder juristische Person oder rechtsf\u00e4hige Personengesellschaft, die beim Abschluss des Vertrags in Aus\u00fcbung ihrer gewerblichen oder selbst\u00e4ndigen beruflichen T\u00e4tigkeit handelt.<\/p>\n<p>3<br \/>Vertr\u00e4ge schlie\u00dfen wir nur mit vollj\u00e4hrigen Personen.<\/p>\n<p>4<br \/>Allgemeine Darstellungen der von uns angebotenen Waren oder Dienstleistungen stellen grunds\u00e4tzlich kein Angebot dar, sondern eine Aufforderung zur Abgabe eines Angebots durch den Kunden. Eine Angebotsannahme durch uns erfolgt durch eine Auftragsbest\u00e4tigung oder durch Lieferung der Ware oder Ausf\u00fchrung der Dienstleistung. Die Annahme erfolgt unverz\u00fcglich, sp\u00e4testens aber binnen 48 Stunden ab Eingang der Bestellung. Erfolgt binnen dieser Frist keine Annahme, gilt das Angebot als abgelehnt. Diese Ziffer gilt nicht f\u00fcr unsere Angebote bei Ebay.<\/p>\n<p>5.<br \/>Sind zum Zeitpunkt der Bestellung des Kunden keine Exemplare des von ihm ausgew\u00e4hlten Produkts verf\u00fcgbar, so teilen wir dem Kunden dies unverz\u00fcglich mit. Ist das Produkt dauerhaft nicht lieferbar, sehen wir von einer Annahmeerkl\u00e4rung ab. Ein Vertrag kommt in diesem Fall nicht zustande. Ist das vom Kunden in der Bestellung bezeichnete Produkt nur vor\u00fcbergehend nicht verf\u00fcgbar, teilen wir dies ebenfalls unverz\u00fcglich in der Auftragsbest\u00e4tigung mit.<\/p>\n<p>6.<br \/>Die Lieferung der Ware erfolgt grunds\u00e4tzlich schnellstm\u00f6glich, sofern nicht anders vereinbart oder angegeben, und zu den von uns gesondert ausgewiesenen Versandkosten. Von uns angegebene Lieferzeiten berechnen sich vom Zeitpunkt unserer Auftragsbest\u00e4tigung, vorherige Zahlung des Kaufpreises vorausgesetzt (au\u00dfer beim Rechnungskauf).<\/p>\n<p>7.<br \/>Alle Preise verstehen sich einschlie\u00dflich der jeweils g\u00fcltigen gesetzlichen Umsatzsteuer.<\/p>\n<p>8.<br \/>Wir liefern nur auf der Basis des nachstehend n\u00e4her geschilderten Eigentumsvorbehaltes. Dies gilt auch f\u00fcr alle zuk\u00fcnftigen Lieferungen, auch wenn wir uns nicht stets ausdr\u00fccklich hierauf berufen. Wir behalten uns das Eigentum an der gelieferten Sache bis zur vollst\u00e4ndigen Zahlung s\u00e4mtlicher Forderungen aus dem Liefervertrag vor. Wir sind berechtigt, die Kaufsache zur\u00fcckzunehmen, wenn der K\u00e4ufer sich vertragswidrig verh\u00e4lt. Der K\u00e4ufer ist verpflichtet, solange das Eigentum noch nicht auf ihn \u00fcbergegangen ist, die Kaufsache pfleglich zu behandeln. M\u00fcssen Wartungs- und lnspektionsarbeiten durchgef\u00fchrt werden, hat der K\u00e4ufer diese auf eigene Kosten rechtzeitig auszuf\u00fchren. Solange das Eigentum noch nicht \u00fcbergegangen ist, hat uns der K\u00e4ufer unverz\u00fcglich schriftlich zu benachrichtigen, wenn der gelieferte Gegenstand gepf\u00e4ndet oder sonstigen Eingriffen Dritter ausgesetzt ist. Soweit der Dritte nicht in der Lage ist, uns die gerichtlichen und au\u00dfergerichtlichen Kosten einer Klage gem\u00e4\u00df \u00a7 771 ZPO zu erstatten, haftet der K\u00e4ufer f\u00fcr den uns entstandenen Ausfall. Wir verpflichten uns, die uns zustehenden Sicherheiten auf Verlangen des K\u00e4ufers freizugeben, soweit ihr Wert die zu sichernden Forderungen um mehr als 20 % \u00fcbersteigt.<\/p>\n<p>9.<br \/>Es gilt das gesetzliche M\u00e4ngelhaftungsrecht.<\/p>\n<p>&nbsp;<\/p>\n<p><span style=\"font-size: 18px;\">10.<br \/>Ist der K\u00e4ufer Kaufmann im Sinne des Handelsgesetzbuchs, juristische Person des \u00f6ffentlichen Rechts oder ein \u00f6ffentlich-rechtliches Sonderverm\u00f6gen, ist ausschlie\u00dflicher &#8211; auch internationaler &#8211; Gerichtsstand f\u00fcr alle sich aus dem Vertragsverh\u00e4ltnis unmittelbar oder mittelbar ergebenden Streitigkeiten unser Gesch\u00e4ftssitz. Entsprechendes gilt, wenn der K\u00e4ufer Unternehmer im Sinne von \u00a7 14 BGB ist. Wir sind jedoch in allen F\u00e4llen auch berechtigt, Klage am Erf\u00fcllungsort der Lieferverpflichtung bzw. einer vorrangigen Individualabrede oder am allgemeinen Gerichtsstand des Kunden zu erheben. Vorrangige gesetzliche Vorschriften, insbesondere zu ausschlie\u00dflichen Zust\u00e4ndigkeiten, bleiben unber\u00fchrt.\u00a0<\/span><\/p>\n<p>&nbsp;<\/p>\n<p><span style=\"font-size: 18px;\">11.<\/span><\/p>\n<p>&nbsp;<\/p>\n<p>&nbsp;<\/p>\n<p>12.<br \/>Der Vertrag bleibt auch bei rechtlicher Unwirksamkeit einzelner Punkte in seinen \u00fcbrigen Teilen verbindlich. Anstelle der unwirksamen Punkte treten, soweit vorhanden, die gesetzlichen Vorschriften. Soweit dies f\u00fcr eine Vertragspartei eine unzumutbare H\u00e4rte darstellen w\u00fcrde, wird der Vertrag jedoch im Ganzen unwirksam.<\/p>\n<p>&nbsp;<\/p>\n<p>&#8211; &#8211; &#8211; &#8211; &#8211; &#8211; &#8211; &#8211; &#8211; &#8211; &#8211; &#8211; &#8211; &#8211; &#8211; &#8211; &#8211; &#8211;<\/p>\n<p>F\u00fcr Vertr\u00e4ge, die \u00fcber unseren Onlineshop zustande kommen, gilt f\u00fcr den Bestellvorgang folgendes:<\/p>\n<p>I.<br \/>Bitte w\u00e4hlen Sie den oder die Artikel aus, die Sie bestellen m\u00f6chten. Sie legen damit die Artikel in ihren Warenkorb.<\/p>\n<p>II.<br \/>Um Ihre Artikel zu bestellen, rufen Sie bitte das Fenster \u201eWarenkorb ansehen&#8221; auf und \u00fcberpr\u00fcfen, ob alles richtig eingegeben ist. Sie k\u00f6nnen jederzeit Korrekturen vornehmen, indem Sie Waren l\u00f6schen oder andere Waren hinzuf\u00fcgen.<\/p>\n<p>III.<br \/>Anschlie\u00dfend rufen Sie bitte das Fenster .Bestelldaten eingeben&#8221; auf und geben Ihre Rechnungs- und eventuell davon abweichende Lieferanschrift ein; die mit einem Sternchen versehenen Angaben sind Pflichtfelder, die wir unbedingt ben\u00f6tigen, um Ihre Bestellung bearbeiten zu k\u00f6nnen. Bitte geben Sie auch an, welche der von uns angebotenen Zahlungsarten Sie ausw\u00e4hlen.<\/p>\n<p>IV.<br \/>Sodann best\u00e4tigen Sie bitte auf dem Feld \u201ezahlungspflichtig bestellen&#8221; Ihre Bestellung.<\/p>\n<p>V.<br \/>Sie erhalten von uns umgehend eine Best\u00e4tigung Ihrer Bestellung mit dem Hinweis, wann wir Ihre Artikel voraussichtlich versenden k\u00f6nnen. Sollte ein Artikel nicht vorr\u00e4tig sein, werden wir dies in unserer Best\u00e4tigung vermerken; wenn in diesem Fall andere von Ihnen bestellte Artikel lieferbar sind, wickeln wir den Bestellvorgang \u00fcber diese Artikel ab, es sei denn, Sie geben uns eine andere Weisung. Ihr gesetzliches Widerrufsrecht bleibt davon nat\u00fcrlich unber\u00fchrt.<\/p>\n<p>VI.<br \/>Wir speichern den Vertragstext. Sie k\u00f6nnen die Vertragsbestimmungen jederzeit auf unserer Web-Seite abrufen, indem Sie die Ihnen mit der Best\u00e4tigung zugeschickte Bestellnummer eingeben. Unsere Allgemeinen Gesch\u00e4ftsbedingungen k\u00f6nnen Sie unabh\u00e4ngig davon jederzeit einsehen und f\u00fcr Ihre Zwecke speichern. Soweit wir nichts Anderes vereinbaren, wickeln wir diesen Vertrag in deutscher Sprache ab.<\/p>\n<p>&nbsp;<\/p>\n<p>&nbsp;<\/p>\n<p>&#8211; &#8211; &#8211; &#8211; &#8211; &#8211; &#8211; &#8211; &#8211; &#8211; &#8211; &#8211; &#8211; &#8211; &#8211; &#8211; &#8211; &#8211;<\/p>\n<p><strong>Widerrufsbelehrung\u00a0<\/strong><\/p>\n<p>Widerrufsrecht<\/p>\n<p>Um Ihr Widerrufsrecht auszu\u00fcben, m\u00fcssen Sie uns Weingut Julianenhof, Jochen und Laurenz Schmitt GbR, Uttrichstr. 9, 55283 Nierstein,\u00a0<span style=\"font-size: 18px;\">Tel.: +49 6133-58121,\u00a0<\/span><span style=\"font-size: 18px;\">Fax.: +49 6133-57451<\/span><\/p>\n<p>Email.: <a href=\"mailto:schmitt@weingut-julianenhof.de\">schmitt@weingut-julianenhof.de<\/a><\/p>\n<p>mittels einer eindeutigen Erkl\u00e4rung (z.B. ein mit der Post versandter Brief, Telefax oder E-Mail) \u00fcber Ihren Entschluss, diesen Vertrag zu widerrufen, informieren.<\/p>\n<p>Eine R\u00fccksendung der Sache reicht nicht alleine aus. Die Frist beginnt nach Erhalt dieser Belehrung in Textform, jedoch nicht vor Eingang der Ware beim Empf\u00e4nger (bei der wiederkehrenden Lieferung gleichartiger Waren nicht vor dem Eingang der ersten Teillieferung; Sie oder ein von Ihnen benannter Dritter, der nicht der Bef\u00f6rderer ist, die Waren in Besitz genommen haben bzw. hat) und auch nicht vor der Erf\u00fcllung unserer Informationspflichten gem\u00e4\u00df Artikel 246 \u00a7 2 in Verbindung mit \u00a7 1 Abs. 1 und 2 EGBGB, sowie unserer Pflichten gem\u00e4\u00df \u00a7 312e Abs. 1 Satz 1 BGB in Verbindung mit Artikel 246 \u00a7 3 EGBGB. Zur Wahrung der Widerrufsfrist gen\u00fcgt die rechtzeitige Absendung des Widerrufs oder der Sache.<\/p>\n<p><strong>\u00a0Widerrufsfolgen\u00a0<\/strong><\/p>\n<p>Wenn Sie diesen Vertrag widerrufen, haben wir Ihnen alle Zahlungen, die wir von Ihnen erhalten haben, einschlie\u00dflich der Lieferkosten (mit Ausnahme der zus\u00e4tzlichen Kosten, die sich daraus ergeben, dass Sie eine andere Art der Lieferung als die von uns angebotene, g\u00fcnstigste Standardlieferung gew\u00e4hlt haben), unverz\u00fcglich und sp\u00e4testens binnen vierzehn Tagen ab dem Tag zur\u00fcckzuzahlen, an dem die Mitteilung \u00fcber Ihren Widerruf dieses Vertrags bei uns eingegangen ist. F\u00fcr diese R\u00fcckzahlung verwenden wir dasselbe Zahlungsmittel, das Sie bei der urspr\u00fcnglichen Transaktion eingesetzt haben, es sei denn, mit Ihnen wurde ausdr\u00fccklich etwas anderes vereinbart; in keinem Fall werden Ihnen wegen dieser R\u00fcckzahlung Entgelte berechnet. Wir k\u00f6nnen die R\u00fcckzahlung verweigern, bis wir die Waren wieder zur\u00fcckerhalten haben oder bis Sie den Nachweis erbracht haben, dass Sie die Waren zur\u00fcckgesandt haben, je nachdem, welches der fr\u00fchere Zeitpunkt ist. Sie haben die Waren unverz\u00fcglich und in jedem Fall sp\u00e4testens binnen vierzehn Tagen ab dem Tag, an dem Sie uns \u00fcber den Widerruf dieses Vertrags unterrichten, an uns (Adresse und Kontakt siehe oben) zur\u00fcckzusenden oder zu \u00fcbergeben. Die Frist ist gewahrt, wenn Sie die Waren vor Ablauf der Frist von vierzehn Tagen absenden. Sie tragen die unmittelbaren Kosten der R\u00fccksendung der Waren. Sie m\u00fcssen f\u00fcr einen etwaigen Wertverlust der Waren nur aufkommen, wenn dieser Wertverlust auf einen zur Pr\u00fcfung der Beschaffenheit, Eigenschaften und Funktionsweise der Waren nicht notwendigen Umgang mit ihnen zur\u00fcckzuf\u00fchren ist.<\/p>\n<p>&nbsp;<\/p>\n<p>Weingut Julianenhof, Jochen und Laurenz Schmitt, Uttrichstra\u00dfe 9, 55283 Nierstein<\/p>\n<p>&nbsp;<\/p>\n<p>[\/et_pb_text][\/et_pb_column][\/et_pb_row][\/et_pb_section][et_pb_section fb_built=&#8221;1&#8243; _builder_version=&#8221;4.6.5&#8243; background_color=&#8221;#d4c16c&#8221; custom_margin=&#8221;30px||||false|false&#8221; custom_padding=&#8221;0px|0px|0px|0px&#8221; global_module=&#8221;882&#8243;][et_pb_row column_structure=&#8221;1_6,1_6,1_6,1_6,1_6,1_6&#8243; use_custom_gutter=&#8221;on&#8221; gutter_width=&#8221;1&#8243; disabled_on=&#8221;on|off|off&#8221; _builder_version=&#8221;3.25&#8243; custom_padding=&#8221;15px|0px|15px|0px&#8221;][et_pb_column type=&#8221;1_6&#8243; _builder_version=&#8221;3.25&#8243; background_position=&#8221;top_left&#8221; custom_padding=&#8221;|||&#8221; custom_padding__hover=&#8221;|||&#8221;][\/et_pb_column][et_pb_column type=&#8221;1_6&#8243; _builder_version=&#8221;3.25&#8243; custom_padding=&#8221;|||&#8221; custom_padding__hover=&#8221;|||&#8221;][\/et_pb_column][et_pb_column type=&#8221;1_6&#8243; _builder_version=&#8221;3.25&#8243; custom_padding=&#8221;|||&#8221; custom_padding__hover=&#8221;|||&#8221;][et_pb_image src=&#8221;https:\/\/www.weingut-julianenhof.de\/weinshop\/wp-content\/uploads\/2017\/06\/Roter-Hang.png&#8221; show_bottom_space=&#8221;off&#8221; align=&#8221;center&#8221; align_tablet=&#8221;center&#8221; align_phone=&#8221;&#8221; align_last_edited=&#8221;on|desktop&#8221; admin_label=&#8221;Top Footer&#8221; _builder_version=&#8221;4.6.5&#8243; max_width=&#8221;70%&#8221; module_alignment=&#8221;right&#8221;][\/et_pb_image][\/et_pb_column][et_pb_column type=&#8221;1_6&#8243; _builder_version=&#8221;3.25&#8243; custom_padding=&#8221;|||&#8221; custom_padding__hover=&#8221;|||&#8221;][et_pb_image src=&#8221;https:\/\/www.weingut-julianenhof.de\/weinshop\/wp-content\/uploads\/2017\/06\/Vinum_2020_BW.png&#8221; show_bottom_space=&#8221;off&#8221; align=&#8221;center&#8221; align_tablet=&#8221;center&#8221; align_phone=&#8221;&#8221; align_last_edited=&#8221;on|desktop&#8221; disabled_on=&#8221;off||&#8221; admin_label=&#8221;Top Footer&#8221; _builder_version=&#8221;4.6.5&#8243; max_width=&#8221;65%&#8221; module_alignment=&#8221;left&#8221;][\/et_pb_image][\/et_pb_column][et_pb_column type=&#8221;1_6&#8243; _builder_version=&#8221;3.25&#8243; custom_padding=&#8221;|||&#8221; custom_padding__hover=&#8221;|||&#8221;][et_pb_social_media_follow follow_button=&#8221;on&#8221; admin_label=&#8221;Facebook&#8221; _builder_version=&#8221;3.0.90&#8243;][et_pb_social_media_follow_network social_network=&#8221;facebook&#8221; url=&#8221;https:\/\/www.facebook.com\/weingutjulianenhof\/&#8221; _builder_version=&#8221;3.0.90&#8243; background_color=&#8221;#3b5998&#8243; follow_button=&#8221;on&#8221; url_new_window=&#8221;on&#8221;]<\/p>\n<p>Facebook<\/p>\n<p>[\/et_pb_social_media_follow_network][\/et_pb_social_media_follow][\/et_pb_column][et_pb_column type=&#8221;1_6&#8243; _builder_version=&#8221;3.25&#8243; custom_padding=&#8221;|||&#8221; custom_padding__hover=&#8221;|||&#8221;][\/et_pb_column][\/et_pb_row][et_pb_row column_structure=&#8221;1_2,1_2&#8243; use_custom_gutter=&#8221;on&#8221; gutter_width=&#8221;1&#8243; disabled_on=&#8221;off|on|on&#8221; _builder_version=&#8221;3.25&#8243; module_alignment=&#8221;center&#8221; custom_padding=&#8221;15px|0px|10px|0px&#8221;][et_pb_column type=&#8221;1_2&#8243; _builder_version=&#8221;3.25&#8243; background_position=&#8221;top_left&#8221; custom_padding=&#8221;|||&#8221; custom_padding__hover=&#8221;|||&#8221;][et_pb_text disabled_on=&#8221;on|on|on&#8221; admin_label=&#8221;Text&#8221; _builder_version=&#8221;4.6.5&#8243; disabled=&#8221;on&#8221;]<\/p>\n<p><img loading=\"lazy\" class=\"wp-image-117 alignnone size-full\" src=\"\/wp-content\/uploads\/2017\/06\/Roter-Hang.png\" alt=\"\" width=\"100\" height=\"105\" \/><img loading=\"lazy\" class=\"wp-image-1368 alignnone size-full\" src=\"https:\/\/www.weingut-julianenhof.de\/weinshop\/wp-content\/uploads\/2017\/06\/Vinum_2020_BW.png\" alt=\"\" width=\"105\" height=\"105\" srcset=\"https:\/\/www.weingut-julianenhof.de\/weinshop\/wp-content\/uploads\/2017\/06\/Vinum_2020_BW.png 2268w, https:\/\/www.weingut-julianenhof.de\/weinshop\/wp-content\/uploads\/2017\/06\/Vinum_2020_BW-300x300.png 300w, https:\/\/www.weingut-julianenhof.de\/weinshop\/wp-content\/uploads\/2017\/06\/Vinum_2020_BW-100x100.png 100w, https:\/\/www.weingut-julianenhof.de\/weinshop\/wp-content\/uploads\/2017\/06\/Vinum_2020_BW-600x600.png 600w, https:\/\/www.weingut-julianenhof.de\/weinshop\/wp-content\/uploads\/2017\/06\/Vinum_2020_BW-150x150.png 150w, https:\/\/www.weingut-julianenhof.de\/weinshop\/wp-content\/uploads\/2017\/06\/Vinum_2020_BW-768x768.png 768w, https:\/\/www.weingut-julianenhof.de\/weinshop\/wp-content\/uploads\/2017\/06\/Vinum_2020_BW-1024x1024.png 1024w, https:\/\/www.weingut-julianenhof.de\/weinshop\/wp-content\/uploads\/2017\/06\/Vinum_2020_BW-1080x1080.png 1080w\" sizes=\"(max-width: 105px) 100vw, 105px\" \/><\/p>\n<p>[\/et_pb_text][et_pb_text _builder_version=&#8221;4.6.5&#8243;]<\/p>\n<p><img loading=\"lazy\" class=\"wp-image-117 alignnone size-full\" src=\"\/wp-content\/uploads\/2017\/06\/Roter-Hang.png\" alt=\"\" width=\"100\" height=\"105\" \/><img loading=\"lazy\" class=\"wp-image-1368 alignnone size-full\" src=\"https:\/\/www.weingut-julianenhof.de\/weinshop\/wp-content\/uploads\/2017\/06\/Vinum_2020_BW.png\" alt=\"\" width=\"105\" height=\"105\" srcset=\"https:\/\/www.weingut-julianenhof.de\/weinshop\/wp-content\/uploads\/2017\/06\/Vinum_2020_BW.png 2268w, https:\/\/www.weingut-julianenhof.de\/weinshop\/wp-content\/uploads\/2017\/06\/Vinum_2020_BW-300x300.png 300w, https:\/\/www.weingut-julianenhof.de\/weinshop\/wp-content\/uploads\/2017\/06\/Vinum_2020_BW-100x100.png 100w, https:\/\/www.weingut-julianenhof.de\/weinshop\/wp-content\/uploads\/2017\/06\/Vinum_2020_BW-600x600.png 600w, https:\/\/www.weingut-julianenhof.de\/weinshop\/wp-content\/uploads\/2017\/06\/Vinum_2020_BW-150x150.png 150w, https:\/\/www.weingut-julianenhof.de\/weinshop\/wp-content\/uploads\/2017\/06\/Vinum_2020_BW-768x768.png 768w, https:\/\/www.weingut-julianenhof.de\/weinshop\/wp-content\/uploads\/2017\/06\/Vinum_2020_BW-1024x1024.png 1024w, https:\/\/www.weingut-julianenhof.de\/weinshop\/wp-content\/uploads\/2017\/06\/Vinum_2020_BW-1080x1080.png 1080w\" sizes=\"(max-width: 105px) 100vw, 105px\" \/><\/p>\n<p>[\/et_pb_text][\/et_pb_column][et_pb_column type=&#8221;1_2&#8243; _builder_version=&#8221;3.25&#8243; custom_padding=&#8221;|||&#8221; custom_padding__hover=&#8221;|||&#8221;][\/et_pb_column][\/et_pb_row][\/et_pb_section][et_pb_section fb_built=&#8221;1&#8243; _builder_version=&#8221;3.0.90&#8243; background_color=&#8221;#73695c&#8221; custom_padding=&#8221;0px|0px|0px|0px&#8221; global_module=&#8221;883&#8243;][et_pb_row module_class=&#8221; et_pb_row_fullwidth&#8221; _builder_version=&#8221;3.25&#8243; width=&#8221;89%&#8221; width_tablet=&#8221;80%&#8221; width_phone=&#8221;&#8221; width_last_edited=&#8221;on|desktop&#8221; max_width=&#8221;89%&#8221; max_width_tablet=&#8221;80%&#8221; max_width_phone=&#8221;&#8221; max_width_last_edited=&#8221;on|desktop&#8221; custom_padding=&#8221;10px|0px|0px|0px&#8221; make_fullwidth=&#8221;on&#8221;][et_pb_column type=&#8221;4_4&#8243; _builder_version=&#8221;3.25&#8243; background_position=&#8221;top_left&#8221; custom_padding=&#8221;|||&#8221; custom_padding__hover=&#8221;|||&#8221;][et_pb_text admin_label=&#8221;Footer&#8221; _builder_version=&#8221;4.6.5&#8243; text_font=&#8221;Raleway||||&#8221; text_text_color=&#8221;#ccc1b4&#8243; link_text_color=&#8221;#ccc1b4&#8243; module_alignment=&#8221;center&#8221; custom_margin=&#8221;21px||21px||false|false&#8221;]<\/p>\n<p style=\"text-align: center;\"><a href=\"https:\/\/www.weingut-julianenhof.de\/weinshop\/impressum\/\" rel=\"noopener\">Impressum<\/a> | <a href=\"https:\/\/www.weingut-julianenhof.de\/weinshop\/datenschutz\/\" rel=\"noopener\">Datenschutz<\/a> | <a href=\"https:\/\/www.weingut-julianenhof.de\/weinshop\/widerruf\/\">Widerruf<\/a> | <a href=\"https:\/\/www.weingut-julianenhof.de\/weinshop\/agb-weingut\/\">AGB | <\/a><a href=\"https:\/\/www.weingut-julianenhof.de\/newsletter\">Newsletter<\/a><br \/> Weingut Julianenhof | Jochen &amp; Laurenz Schmitt GbR | Uttrichstra\u00dfe 9 | 55283 Nierstein am Rhein |\u00a0Tel.: 06133\/58 121<\/p>\n<p>[\/et_pb_text][\/et_pb_column][\/et_pb_row][\/et_pb_section]<\/p>\n","protected":false},"excerpt":{"rendered":"<p>[et_pb_section fb_built=&#8221;1&#8243; fullwidth=&#8221;on&#8221; _builder_version=&#8221;3.22&#8243;][et_pb_fullwidth_image src=&#8221;\/wp-content\/uploads\/2017\/06\/DSC_0269.jpg&#8221; _builder_version=&#8221;3.0.90&#8243; custom_css_main_element=&#8221;(min-width: 600px)height: 515px;&#8221;][\/et_pb_fullwidth_image][\/et_pb_section][et_pb_section fb_built=&#8221;1&#8243; _builder_version=&#8221;3.22&#8243; hover_enabled=&#8221;0&#8243; sticky_enabled=&#8221;0&#8243;][et_pb_row custom_padding_last_edited=&#8221;on|phone&#8221; _builder_version=&#8221;3.25&#8243; background_size=&#8221;initial&#8221; background_position=&#8221;top_left&#8221; background_repeat=&#8221;repeat&#8221; custom_padding=&#8221;|||&#8221; custom_padding_tablet=&#8221;&#8221; custom_padding_phone=&#8221;30px||30px|&#8221; hover_enabled=&#8221;0&#8243; custom_width_percent=&#8221;60%&#8221; sticky_enabled=&#8221;0&#8243;][et_pb_column type=&#8221;4_4&#8243; _builder_version=&#8221;3.25&#8243; background_position=&#8221;top_left&#8221; custom_padding=&#8221;|||&#8221; custom_padding__hover=&#8221;|||&#8221;][et_pb_text _builder_version=&#8221;4.6.5&#8243; hover_enabled=&#8221;0&#8243; sticky_enabled=&#8221;0&#8243;] Allgemeine Gesch\u00e4ftsbedingungen (AGB) 1.Diese Allgemeinen Gesch\u00e4ftsbedingungen (AGB) gelten f\u00fcr alle Gesch\u00e4ftsbeziehungen zwischen Weingut Julianenhof | Jochen &amp; Laurenz Schmitt GbR | Uttrichstra\u00dfe 9 [&hellip;]<\/p>\n","protected":false},"author":1,"featured_media":0,"parent":0,"menu_order":0,"comment_status":"closed","ping_status":"closed","template":"","meta":{"_et_pb_use_builder":"on","_et_pb_old_content":"","_et_gb_content_width":""},"acf":[],"_links":{"self":[{"href":"https:\/\/www.weingut-julianenhof.de\/weinshop\/wp-json\/wp\/v2\/pages\/847"}],"collection":[{"href":"https:\/\/www.weingut-julianenhof.de\/weinshop\/wp-json\/wp\/v2\/pages"}],"about":[{"href":"https:\/\/www.weingut-julianenhof.de\/weinshop\/wp-json\/wp\/v2\/types\/page"}],"author":[{"embeddable":true,"href":"https:\/\/www.weingut-julianenhof.de\/weinshop\/wp-json\/wp\/v2\/users\/1"}],"replies":[{"embeddable":true,"href":"https:\/\/www.weingut-julianenhof.de\/weinshop\/wp-json\/wp\/v2\/comments?post=847"}],"version-history":[{"count":14,"href":"https:\/\/www.weingut-julianenhof.de\/weinshop\/wp-json\/wp\/v2\/pages\/847\/revisions"}],"predecessor-version":[{"id":3056,"href":"https:\/\/www.weingut-julianenhof.de\/weinshop\/wp-json\/wp\/v2\/pages\/847\/revisions\/3056"}],"wp:attachment":[{"href":"https:\/\/www.weingut-julianenhof.de\/weinshop\/wp-json\/wp\/v2\/media?parent=847"}],"curies":[{"name":"wp","href":"https:\/\/api.w.org\/{rel}","templated":true}]}}