{"id":2906,"date":"2024-07-26T11:05:27","date_gmt":"2024-07-26T09:05:27","guid":{"rendered":"https:\/\/www.weingut-julianenhof.de\/weinshop\/produkt\/beasecco\/"},"modified":"2026-03-29T16:17:01","modified_gmt":"2026-03-29T14:17:01","slug":"beasecco","status":"publish","type":"product","link":"https:\/\/www.weingut-julianenhof.de\/weinshop\/produkt\/beasecco\/","title":{"rendered":"Bea`Secco"},"content":{"rendered":"<p>Perlwein mit zugesetzter Kohlens\u00e4ure, ein prickelndes Vergn\u00fcgen<\/p>\n<table style=\"height: 262px;\" width=\"631\">\n<tbody>\n<tr>\n<td style=\"width: 181.3px;\"><strong>Zutaten:<\/strong><\/td>\n<td style=\"width: 435.7px;\">Trauben, Saccharose, Kohlens\u00e4ure<\/td>\n<\/tr>\n<tr>\n<td style=\"width: 181.3px;\"><\/td>\n<td style=\"width: 435.7px;\">Antioxidantien: <strong>Sulfite<\/strong><\/td>\n<\/tr>\n<tr>\n<td style=\"width: 181.3px;\"><\/td>\n<td style=\"width: 435.7px;\"><\/td>\n<\/tr>\n<tr>\n<td style=\"width: 181.3px;\"><strong>N\u00e4hrwerte:<\/strong><\/td>\n<td style=\"width: 435.7px;\">100ml enthalten durchschnittlich:<\/td>\n<\/tr>\n<tr>\n<td style=\"width: 181.3px;\">Brennwert:<\/td>\n<td style=\"width: 435.7px;\">312 kJ \/ 75 kcal<\/td>\n<\/tr>\n<tr>\n<td style=\"width: 181.3px;\">Kohlenhydrate:<\/td>\n<td style=\"width: 435.7px;\">1,9g<\/td>\n<\/tr>\n<tr>\n<td style=\"width: 181.3px;\">davon Zucker:<\/td>\n<td style=\"width: 435.7px;\">1,4g<\/td>\n<\/tr>\n<\/tbody>\n<\/table>\n<p>enth\u00e4lt geringf\u00fcgige Mengen von Fett, Eiwei\u00df und Salz<\/p>\n","protected":false},"excerpt":{"rendered":"<p>Perlwein mit zugesetzter Kohlens\u00e4ure, ein prickelndes Vergn\u00fcgen Zutaten: Trauben, Saccharose, Kohlens\u00e4ure Antioxidantien: Sulfite N\u00e4hrwerte: 100ml enthalten durchschnittlich: Brennwert: 312 kJ \/ 75 kcal Kohlenhydrate: 1,9g davon Zucker: 1,4g enth\u00e4lt geringf\u00fcgige Mengen von Fett, Eiwei\u00df und Salz<\/p>\n","protected":false},"featured_media":2117,"comment_status":"open","ping_status":"closed","template":"","meta":{"_et_pb_use_builder":"","_et_pb_old_content":"","_et_gb_content_width":""},"product_cat":[46,49,69],"product_tag":[],"acf":[],"_links":{"self":[{"href":"https:\/\/www.weingut-julianenhof.de\/weinshop\/wp-json\/wp\/v2\/product\/2906"}],"collection":[{"href":"https:\/\/www.weingut-julianenhof.de\/weinshop\/wp-json\/wp\/v2\/product"}],"about":[{"href":"https:\/\/www.weingut-julianenhof.de\/weinshop\/wp-json\/wp\/v2\/types\/product"}],"replies":[{"embeddable":true,"href":"https:\/\/www.weingut-julianenhof.de\/weinshop\/wp-json\/wp\/v2\/comments?post=2906"}],"wp:featuredmedia":[{"embeddable":true,"href":"https:\/\/www.weingut-julianenhof.de\/weinshop\/wp-json\/wp\/v2\/media\/2117"}],"wp:attachment":[{"href":"https:\/\/www.weingut-julianenhof.de\/weinshop\/wp-json\/wp\/v2\/media?parent=2906"}],"wp:term":[{"taxonomy":"product_cat","embeddable":true,"href":"https:\/\/www.weingut-julianenhof.de\/weinshop\/wp-json\/wp\/v2\/product_cat?post=2906"},{"taxonomy":"product_tag","embeddable":true,"href":"https:\/\/www.weingut-julianenhof.de\/weinshop\/wp-json\/wp\/v2\/product_tag?post=2906"}],"curies":[{"name":"wp","href":"https:\/\/api.w.org\/{rel}","templated":true}]}}