{"id":2950,"date":"2024-11-06T08:51:26","date_gmt":"2024-11-06T07:51:26","guid":{"rendered":"https:\/\/www.weingut-julianenhof.de\/weinshop\/produkt\/beasecco-alkoholfrei\/"},"modified":"2026-03-29T16:17:01","modified_gmt":"2026-03-29T14:17:01","slug":"beasecco-alkoholfrei","status":"publish","type":"product","link":"https:\/\/www.weingut-julianenhof.de\/weinshop\/produkt\/beasecco-alkoholfrei\/","title":{"rendered":"Bea`Secco alkoholfrei"},"content":{"rendered":"<p>entalkoholisierter Perlwein mit zugesetzter Kohlens\u00e4ure, ein prickelndes Vergn\u00fcgen<\/p>\n<hr \/>\n<table width=\"631\">\n<tbody>\n<tr>\n<td><strong>Zutaten:<\/strong><\/td>\n<td>Trauben, Kohlens\u00e4ure<\/td>\n<\/tr>\n<tr>\n<td><\/td>\n<td>Antioxidantien: <strong>Sulfite<\/strong>, Dimethyldicarbonat<\/td>\n<\/tr>\n<tr>\n<td><\/td>\n<td><\/td>\n<\/tr>\n<tr>\n<td><strong>N\u00e4hrwerte:<\/strong><\/td>\n<td>100ml enthalten durchschnittlich:<\/td>\n<\/tr>\n<tr>\n<td>Brennwert:<\/td>\n<td>105 kJ \/ 25 kcal<\/td>\n<\/tr>\n<tr>\n<td>Kohlenhydrate:<\/td>\n<td>5,4g<\/td>\n<\/tr>\n<tr>\n<td>davon Zucker:<\/td>\n<td>4,9g<\/td>\n<\/tr>\n<\/tbody>\n<\/table>\n<p>enth\u00e4lt geringf\u00fcgige Mengen von Fett, Eiwei\u00df und Salz<\/p>\n","protected":false},"excerpt":{"rendered":"<p>entalkoholisierter Perlwein mit zugesetzter Kohlens\u00e4ure, ein prickelndes Vergn\u00fcgen Zutaten: Trauben, Kohlens\u00e4ure Antioxidantien: Sulfite, Dimethyldicarbonat N\u00e4hrwerte: 100ml enthalten durchschnittlich: Brennwert: 105 kJ \/ 25 kcal Kohlenhydrate: 5,4g davon Zucker: 4,9g enth\u00e4lt geringf\u00fcgige Mengen von Fett, Eiwei\u00df und Salz<\/p>\n","protected":false},"featured_media":3156,"comment_status":"open","ping_status":"closed","template":"","meta":{"_et_pb_use_builder":"","_et_pb_old_content":"","_et_gb_content_width":""},"product_cat":[27,46,49],"product_tag":[],"acf":[],"_links":{"self":[{"href":"https:\/\/www.weingut-julianenhof.de\/weinshop\/wp-json\/wp\/v2\/product\/2950"}],"collection":[{"href":"https:\/\/www.weingut-julianenhof.de\/weinshop\/wp-json\/wp\/v2\/product"}],"about":[{"href":"https:\/\/www.weingut-julianenhof.de\/weinshop\/wp-json\/wp\/v2\/types\/product"}],"replies":[{"embeddable":true,"href":"https:\/\/www.weingut-julianenhof.de\/weinshop\/wp-json\/wp\/v2\/comments?post=2950"}],"wp:featuredmedia":[{"embeddable":true,"href":"https:\/\/www.weingut-julianenhof.de\/weinshop\/wp-json\/wp\/v2\/media\/3156"}],"wp:attachment":[{"href":"https:\/\/www.weingut-julianenhof.de\/weinshop\/wp-json\/wp\/v2\/media?parent=2950"}],"wp:term":[{"taxonomy":"product_cat","embeddable":true,"href":"https:\/\/www.weingut-julianenhof.de\/weinshop\/wp-json\/wp\/v2\/product_cat?post=2950"},{"taxonomy":"product_tag","embeddable":true,"href":"https:\/\/www.weingut-julianenhof.de\/weinshop\/wp-json\/wp\/v2\/product_tag?post=2950"}],"curies":[{"name":"wp","href":"https:\/\/api.w.org\/{rel}","templated":true}]}}