{"id":3021,"date":"2025-02-14T10:36:20","date_gmt":"2025-02-14T09:36:20","guid":{"rendered":"https:\/\/www.weingut-julianenhof.de\/weinshop\/produkt\/weissburgunder-chardonnay-qualitaetwein-trocken-2\/"},"modified":"2026-03-29T15:49:19","modified_gmt":"2026-03-29T13:49:19","slug":"weissburgunder-chardonnay-qualitaetwein-trocken-2","status":"publish","type":"product","link":"https:\/\/www.weingut-julianenhof.de\/weinshop\/produkt\/weissburgunder-chardonnay-qualitaetwein-trocken-2\/","title":{"rendered":"2023 | Wei\u00dfburgunder &#038; Chardonnay Qualit\u00e4tswein trocken"},"content":{"rendered":"<p><span style=\"font-size: 14px;\">Der Wei\u00dfburgunder verleiht diesem Wein seine Frische und Leichtigkeit, der Chardonnay K\u00f6rper und Schmelz. Optimaler Speisenbegleiter f\u00fcr leichte Gerichte<\/span><\/p>\n","protected":false},"excerpt":{"rendered":"<p>Der Wei\u00dfburgunder verleiht diesem Wein seine Frische und Leichtigkeit, der Chardonnay K\u00f6rper und Schmelz. Optimaler Speisenbegleiter f\u00fcr leichte Gerichte<\/p>\n","protected":false},"featured_media":2307,"comment_status":"open","ping_status":"closed","template":"","meta":{"_et_pb_use_builder":"","_et_pb_old_content":"","_et_gb_content_width":""},"product_cat":[27,46,68,53,56,66],"product_tag":[],"acf":[],"_links":{"self":[{"href":"https:\/\/www.weingut-julianenhof.de\/weinshop\/wp-json\/wp\/v2\/product\/3021"}],"collection":[{"href":"https:\/\/www.weingut-julianenhof.de\/weinshop\/wp-json\/wp\/v2\/product"}],"about":[{"href":"https:\/\/www.weingut-julianenhof.de\/weinshop\/wp-json\/wp\/v2\/types\/product"}],"replies":[{"embeddable":true,"href":"https:\/\/www.weingut-julianenhof.de\/weinshop\/wp-json\/wp\/v2\/comments?post=3021"}],"wp:featuredmedia":[{"embeddable":true,"href":"https:\/\/www.weingut-julianenhof.de\/weinshop\/wp-json\/wp\/v2\/media\/2307"}],"wp:attachment":[{"href":"https:\/\/www.weingut-julianenhof.de\/weinshop\/wp-json\/wp\/v2\/media?parent=3021"}],"wp:term":[{"taxonomy":"product_cat","embeddable":true,"href":"https:\/\/www.weingut-julianenhof.de\/weinshop\/wp-json\/wp\/v2\/product_cat?post=3021"},{"taxonomy":"product_tag","embeddable":true,"href":"https:\/\/www.weingut-julianenhof.de\/weinshop\/wp-json\/wp\/v2\/product_tag?post=3021"}],"curies":[{"name":"wp","href":"https:\/\/api.w.org\/{rel}","templated":true}]}}