{"id":3027,"date":"2025-02-14T11:15:32","date_gmt":"2025-02-14T10:15:32","guid":{"rendered":"https:\/\/www.weingut-julianenhof.de\/weinshop\/produkt\/niersteiner-silvaner-alte-reben-qualitaetswein\/"},"modified":"2026-04-03T19:05:17","modified_gmt":"2026-04-03T17:05:17","slug":"niersteiner-silvaner-alte-reben-qualitaetswein","status":"publish","type":"product","link":"https:\/\/www.weingut-julianenhof.de\/weinshop\/produkt\/niersteiner-silvaner-alte-reben-qualitaetswein\/","title":{"rendered":"2023 | Niersteiner Silvaner &#8220;Alte Reben&#8221; Qualit\u00e4tswein trocken"},"content":{"rendered":"<p><span style=\"font-size: 14px;\">Kr\u00e4ftiger Silvaner von \u00fcber 60 Jahren alten Rebst\u00f6cken, mit vom Kalkstein gepr\u00e4gter Mineralik<\/span><\/p>\n","protected":false},"excerpt":{"rendered":"<p>Kr\u00e4ftiger Silvaner von \u00fcber 60 Jahren alten Rebst\u00f6cken, mit vom Kalkstein gepr\u00e4gter Mineralik<\/p>\n","protected":false},"featured_media":2306,"comment_status":"open","ping_status":"closed","template":"","meta":{"_et_pb_use_builder":"","_et_pb_old_content":"","_et_gb_content_width":""},"product_cat":[26,46,68,53,63],"product_tag":[],"acf":[],"_links":{"self":[{"href":"https:\/\/www.weingut-julianenhof.de\/weinshop\/wp-json\/wp\/v2\/product\/3027"}],"collection":[{"href":"https:\/\/www.weingut-julianenhof.de\/weinshop\/wp-json\/wp\/v2\/product"}],"about":[{"href":"https:\/\/www.weingut-julianenhof.de\/weinshop\/wp-json\/wp\/v2\/types\/product"}],"replies":[{"embeddable":true,"href":"https:\/\/www.weingut-julianenhof.de\/weinshop\/wp-json\/wp\/v2\/comments?post=3027"}],"wp:featuredmedia":[{"embeddable":true,"href":"https:\/\/www.weingut-julianenhof.de\/weinshop\/wp-json\/wp\/v2\/media\/2306"}],"wp:attachment":[{"href":"https:\/\/www.weingut-julianenhof.de\/weinshop\/wp-json\/wp\/v2\/media?parent=3027"}],"wp:term":[{"taxonomy":"product_cat","embeddable":true,"href":"https:\/\/www.weingut-julianenhof.de\/weinshop\/wp-json\/wp\/v2\/product_cat?post=3027"},{"taxonomy":"product_tag","embeddable":true,"href":"https:\/\/www.weingut-julianenhof.de\/weinshop\/wp-json\/wp\/v2\/product_tag?post=3027"}],"curies":[{"name":"wp","href":"https:\/\/api.w.org\/{rel}","templated":true}]}}