{"id":3050,"date":"2025-04-15T08:10:48","date_gmt":"2025-04-15T06:10:48","guid":{"rendered":"https:\/\/www.weingut-julianenhof.de\/weinshop\/produkt\/silvaner-qualitaetswein-halbtrocken\/"},"modified":"2026-03-29T16:17:01","modified_gmt":"2026-03-29T14:17:01","slug":"silvaner-qualitaetswein-halbtrocken","status":"publish","type":"product","link":"https:\/\/www.weingut-julianenhof.de\/weinshop\/produkt\/silvaner-qualitaetswein-halbtrocken\/","title":{"rendered":"2024 | Silvaner Qualit\u00e4tswein, halbtrocken"},"content":{"rendered":"<p>Vorz\u00fcglicher Tischwein<\/p>\n","protected":false},"excerpt":{"rendered":"<table width=\"339\">\n<tbody>\n<tr>\n<td width=\"99\">Zutaten:<\/td>\n<td width=\"240\">Trauben, Saccharose<\/td>\n<\/tr>\n<tr>\n<td><\/td>\n<td>Antioxidationsmittel: Sulfite<\/td>\n<\/tr>\n<tr>\n<td><\/td>\n<td>unter Schutzatmosph\u00e4re abgef\u00fcllt<\/td>\n<\/tr>\n<tr>\n<td><\/td>\n<td><\/td>\n<\/tr>\n<tr>\n<td>N\u00e4hrwerte:<\/td>\n<td>100ml enthalten durchschnittlich:<\/td>\n<\/tr>\n<tr>\n<td>Brennwert:<\/td>\n<td>291 kJ \/ 69 kcal<\/td>\n<\/tr>\n<tr>\n<td>Kohlenhydrate:<\/td>\n<td>2,0g<\/td>\n<\/tr>\n<tr>\n<td>davon Zucker:<\/td>\n<td>1,4g<\/td>\n<\/tr>\n<\/tbody>\n<\/table>\n<p>enth\u00e4lt geringf\u00fcgige Mengen von Fett, Eiwei\u00df und Salz<\/p>\n","protected":false},"featured_media":2508,"comment_status":"open","ping_status":"closed","template":"","meta":{"_et_pb_use_builder":"","_et_pb_old_content":"","_et_gb_content_width":""},"product_cat":[27,46,69,53,63],"product_tag":[],"acf":[],"_links":{"self":[{"href":"https:\/\/www.weingut-julianenhof.de\/weinshop\/wp-json\/wp\/v2\/product\/3050"}],"collection":[{"href":"https:\/\/www.weingut-julianenhof.de\/weinshop\/wp-json\/wp\/v2\/product"}],"about":[{"href":"https:\/\/www.weingut-julianenhof.de\/weinshop\/wp-json\/wp\/v2\/types\/product"}],"replies":[{"embeddable":true,"href":"https:\/\/www.weingut-julianenhof.de\/weinshop\/wp-json\/wp\/v2\/comments?post=3050"}],"wp:featuredmedia":[{"embeddable":true,"href":"https:\/\/www.weingut-julianenhof.de\/weinshop\/wp-json\/wp\/v2\/media\/2508"}],"wp:attachment":[{"href":"https:\/\/www.weingut-julianenhof.de\/weinshop\/wp-json\/wp\/v2\/media?parent=3050"}],"wp:term":[{"taxonomy":"product_cat","embeddable":true,"href":"https:\/\/www.weingut-julianenhof.de\/weinshop\/wp-json\/wp\/v2\/product_cat?post=3050"},{"taxonomy":"product_tag","embeddable":true,"href":"https:\/\/www.weingut-julianenhof.de\/weinshop\/wp-json\/wp\/v2\/product_tag?post=3050"}],"curies":[{"name":"wp","href":"https:\/\/api.w.org\/{rel}","templated":true}]}}