{"id":3073,"date":"2025-06-16T20:51:03","date_gmt":"2025-06-16T18:51:03","guid":{"rendered":"https:\/\/www.weingut-julianenhof.de\/weinshop\/produkt\/grauer-burgunder-reserve-qualitaetswein-trocken\/"},"modified":"2026-04-03T19:05:17","modified_gmt":"2026-04-03T17:05:17","slug":"grauer-burgunder-reserve-qualitaetswein-trocken","status":"publish","type":"product","link":"https:\/\/www.weingut-julianenhof.de\/weinshop\/produkt\/grauer-burgunder-reserve-qualitaetswein-trocken\/","title":{"rendered":"2023 | Grauer Burgunder -R- Qualit\u00e4tswein trocken"},"content":{"rendered":"<p><span style=\"font-size: 14px;\"><br \/>\nDieser vollmundige Grauburgunder ist kraftvoll mit viel Schmelz.<br \/>\n<\/span><span style=\"font-size: 14px;\">Vollreife, handgelesene Trauben wurden f\u00fcr diesen Wein im neuen 600l Holzfass vergoren.<br \/>\n6 Monate Vollhefelager sorgen f\u00fcr eine angenehm weiche Struktur.<\/span><\/p>\n<p>Einmalige F\u00fcllung, solange der Vorrat reicht.<\/p>\n","protected":false},"excerpt":{"rendered":"<p>Dieser vollmundige Grauburgunder ist kraftvoll mit viel Schmelz. Vollreife, handgelesene Trauben wurden f\u00fcr diesen Wein im neuen 600l Holzfass vergoren. 6 Monate Vollhefelager sorgen f\u00fcr eine angenehm weiche Struktur. Einmalige F\u00fcllung, solange der Vorrat reicht.<\/p>\n","protected":false},"featured_media":2369,"comment_status":"open","ping_status":"closed","template":"","meta":{"_et_pb_use_builder":"","_et_pb_old_content":"","_et_gb_content_width":""},"product_cat":[26,46,68,53,59],"product_tag":[],"acf":[],"_links":{"self":[{"href":"https:\/\/www.weingut-julianenhof.de\/weinshop\/wp-json\/wp\/v2\/product\/3073"}],"collection":[{"href":"https:\/\/www.weingut-julianenhof.de\/weinshop\/wp-json\/wp\/v2\/product"}],"about":[{"href":"https:\/\/www.weingut-julianenhof.de\/weinshop\/wp-json\/wp\/v2\/types\/product"}],"replies":[{"embeddable":true,"href":"https:\/\/www.weingut-julianenhof.de\/weinshop\/wp-json\/wp\/v2\/comments?post=3073"}],"wp:featuredmedia":[{"embeddable":true,"href":"https:\/\/www.weingut-julianenhof.de\/weinshop\/wp-json\/wp\/v2\/media\/2369"}],"wp:attachment":[{"href":"https:\/\/www.weingut-julianenhof.de\/weinshop\/wp-json\/wp\/v2\/media?parent=3073"}],"wp:term":[{"taxonomy":"product_cat","embeddable":true,"href":"https:\/\/www.weingut-julianenhof.de\/weinshop\/wp-json\/wp\/v2\/product_cat?post=3073"},{"taxonomy":"product_tag","embeddable":true,"href":"https:\/\/www.weingut-julianenhof.de\/weinshop\/wp-json\/wp\/v2\/product_tag?post=3073"}],"curies":[{"name":"wp","href":"https:\/\/api.w.org\/{rel}","templated":true}]}}