{"id":3075,"date":"2025-06-16T20:51:06","date_gmt":"2025-06-16T18:51:06","guid":{"rendered":"https:\/\/www.weingut-julianenhof.de\/weinshop\/produkt\/niersteiner-weissburgunder-trocken-2\/"},"modified":"2026-04-03T19:05:17","modified_gmt":"2026-04-03T17:05:17","slug":"niersteiner-weissburgunder-trocken-2","status":"publish","type":"product","link":"https:\/\/www.weingut-julianenhof.de\/weinshop\/produkt\/niersteiner-weissburgunder-trocken-2\/","title":{"rendered":"2024 | Niersteiner Wei\u00dfburgunder trocken"},"content":{"rendered":"<p>&nbsp;<\/p>\n<table width=\"776\">\n<tbody>\n<tr>\n<td width=\"125\"><strong>Zutaten:<\/strong><\/td>\n<td width=\"293\"><\/td>\n<td width=\"145\"><strong>100ml enthalten durchschnittlich<\/strong><\/td>\n<td width=\"213\"><\/td>\n<\/tr>\n<tr>\n<td>Trauben<\/td>\n<td><\/td>\n<td>Brennwert:<\/td>\n<td>308kJ\/74kcal<\/td>\n<\/tr>\n<tr>\n<td colspan=\"2\">S\u00e4ureregulator: Weins\u00e4ure<\/td>\n<td>Kohlenhydrate:<\/td>\n<td>1,1g<\/td>\n<\/tr>\n<tr>\n<td colspan=\"2\">Antioxidationsmittel: <strong>Sulfite<\/strong><\/td>\n<td>davon Zucker:<\/td>\n<td>0,5g<\/td>\n<\/tr>\n<tr>\n<td colspan=\"2\">unter Schutzatmosph\u00e4re abgef\u00fcllt<\/td>\n<td>Enth\u00e4lt geringf\u00fcgige Mengen von Fett<\/td>\n<td><\/td>\n<\/tr>\n<tr>\n<td><\/td>\n<td><\/td>\n<td colspan=\"2\">ges\u00e4ttigten Fetts\u00e4uren,Eiwei\u00df und Salz<\/td>\n<\/tr>\n<\/tbody>\n<\/table>\n","protected":false},"excerpt":{"rendered":"<p>&nbsp; Zutaten: 100ml enthalten durchschnittlich Trauben Brennwert: 308kJ\/74kcal S\u00e4ureregulator: Weins\u00e4ure Kohlenhydrate: 1,1g Antioxidationsmittel: Sulfite davon Zucker: 0,5g unter Schutzatmosph\u00e4re abgef\u00fcllt Enth\u00e4lt geringf\u00fcgige Mengen von Fett ges\u00e4ttigten Fetts\u00e4uren,Eiwei\u00df und Salz<\/p>\n","protected":false},"featured_media":2676,"comment_status":"open","ping_status":"closed","template":"","meta":{"_et_pb_use_builder":"","_et_pb_old_content":"","_et_gb_content_width":""},"product_cat":[26,46,68,53,66],"product_tag":[],"acf":[],"_links":{"self":[{"href":"https:\/\/www.weingut-julianenhof.de\/weinshop\/wp-json\/wp\/v2\/product\/3075"}],"collection":[{"href":"https:\/\/www.weingut-julianenhof.de\/weinshop\/wp-json\/wp\/v2\/product"}],"about":[{"href":"https:\/\/www.weingut-julianenhof.de\/weinshop\/wp-json\/wp\/v2\/types\/product"}],"replies":[{"embeddable":true,"href":"https:\/\/www.weingut-julianenhof.de\/weinshop\/wp-json\/wp\/v2\/comments?post=3075"}],"wp:featuredmedia":[{"embeddable":true,"href":"https:\/\/www.weingut-julianenhof.de\/weinshop\/wp-json\/wp\/v2\/media\/2676"}],"wp:attachment":[{"href":"https:\/\/www.weingut-julianenhof.de\/weinshop\/wp-json\/wp\/v2\/media?parent=3075"}],"wp:term":[{"taxonomy":"product_cat","embeddable":true,"href":"https:\/\/www.weingut-julianenhof.de\/weinshop\/wp-json\/wp\/v2\/product_cat?post=3075"},{"taxonomy":"product_tag","embeddable":true,"href":"https:\/\/www.weingut-julianenhof.de\/weinshop\/wp-json\/wp\/v2\/product_tag?post=3075"}],"curies":[{"name":"wp","href":"https:\/\/api.w.org\/{rel}","templated":true}]}}