{"id":3076,"date":"2025-06-16T20:51:08","date_gmt":"2025-06-16T18:51:08","guid":{"rendered":"https:\/\/www.weingut-julianenhof.de\/weinshop\/produkt\/spaetburgunder-weissherbst-qualitaetswein-2\/"},"modified":"2026-03-29T15:49:19","modified_gmt":"2026-03-29T13:49:19","slug":"spaetburgunder-weissherbst-qualitaetswein-2","status":"publish","type":"product","link":"https:\/\/www.weingut-julianenhof.de\/weinshop\/produkt\/spaetburgunder-weissherbst-qualitaetswein-2\/","title":{"rendered":"2024 | Sp\u00e4tburgunder Wei\u00dfherbst Qualit\u00e4tswein"},"content":{"rendered":"<p><span style=\"font-size: 14px;\">Dieser elegante Wei\u00dfherbst duftet verf\u00fchrerisch nach frischen Erdbeeren.<br \/>\nMit leichter S\u00fc\u00dfe und gut abgestimmter S\u00e4ure schmeckt er nach Sommer, Terrasse und Liegestuhl \ud83d\ude42<\/span><\/p>\n<table width=\"776\">\n<tbody>\n<tr>\n<td width=\"125\"><strong>Zutaten:<\/strong><\/td>\n<td width=\"293\"><\/td>\n<td width=\"145\"><strong>100ml enthalten durchschnittlich<\/strong><\/td>\n<td width=\"213\"><\/td>\n<\/tr>\n<tr>\n<td colspan=\"2\">Trauben, Saccharose<\/td>\n<td>Brennwert:<\/td>\n<td>278kJ\/67kcal<\/td>\n<\/tr>\n<tr>\n<td><\/td>\n<td><\/td>\n<td>Kohlenhydrate:<\/td>\n<td>2,6g<\/td>\n<\/tr>\n<tr>\n<td colspan=\"2\">Antioxidationsmittel: <strong>Sulfite<\/strong><\/td>\n<td>davon Zucker:<\/td>\n<td>2,1g<\/td>\n<\/tr>\n<tr>\n<td colspan=\"2\">unter Schutzatmosph\u00e4re abgef\u00fcllt<\/td>\n<td>Enth\u00e4lt geringf\u00fcgige Mengen von Fett<\/td>\n<td><\/td>\n<\/tr>\n<tr>\n<td><\/td>\n<td><\/td>\n<td colspan=\"2\">ges\u00e4ttigten Fetts\u00e4uren,Eiwei\u00df und Salz<\/td>\n<\/tr>\n<\/tbody>\n<\/table>\n","protected":false},"excerpt":{"rendered":"<p>Dieser elegante Wei\u00dfherbst duftet verf\u00fchrerisch nach frischen Erdbeeren. Mit leichter S\u00fc\u00dfe und gut abgestimmter S\u00e4ure schmeckt er nach Sommer, Terrasse und Liegestuhl \ud83d\ude42 Zutaten: 100ml enthalten durchschnittlich Trauben, Saccharose Brennwert: 278kJ\/67kcal Kohlenhydrate: 2,6g Antioxidationsmittel: Sulfite davon Zucker: 2,1g unter Schutzatmosph\u00e4re abgef\u00fcllt Enth\u00e4lt geringf\u00fcgige Mengen von Fett ges\u00e4ttigten Fetts\u00e4uren,Eiwei\u00df und Salz<\/p>\n","protected":false},"featured_media":2310,"comment_status":"open","ping_status":"closed","template":"","meta":{"_et_pb_use_builder":"","_et_pb_old_content":"","_et_gb_content_width":""},"product_cat":[27,51,69,67,53,64,65],"product_tag":[],"acf":[],"_links":{"self":[{"href":"https:\/\/www.weingut-julianenhof.de\/weinshop\/wp-json\/wp\/v2\/product\/3076"}],"collection":[{"href":"https:\/\/www.weingut-julianenhof.de\/weinshop\/wp-json\/wp\/v2\/product"}],"about":[{"href":"https:\/\/www.weingut-julianenhof.de\/weinshop\/wp-json\/wp\/v2\/types\/product"}],"replies":[{"embeddable":true,"href":"https:\/\/www.weingut-julianenhof.de\/weinshop\/wp-json\/wp\/v2\/comments?post=3076"}],"wp:featuredmedia":[{"embeddable":true,"href":"https:\/\/www.weingut-julianenhof.de\/weinshop\/wp-json\/wp\/v2\/media\/2310"}],"wp:attachment":[{"href":"https:\/\/www.weingut-julianenhof.de\/weinshop\/wp-json\/wp\/v2\/media?parent=3076"}],"wp:term":[{"taxonomy":"product_cat","embeddable":true,"href":"https:\/\/www.weingut-julianenhof.de\/weinshop\/wp-json\/wp\/v2\/product_cat?post=3076"},{"taxonomy":"product_tag","embeddable":true,"href":"https:\/\/www.weingut-julianenhof.de\/weinshop\/wp-json\/wp\/v2\/product_tag?post=3076"}],"curies":[{"name":"wp","href":"https:\/\/api.w.org\/{rel}","templated":true}]}}