{"id":3077,"date":"2025-06-16T20:51:09","date_gmt":"2025-06-16T18:51:09","guid":{"rendered":"https:\/\/www.weingut-julianenhof.de\/weinshop\/produkt\/grauer-burgunder-qualitaetswein-trocken-2\/"},"modified":"2026-03-26T13:38:04","modified_gmt":"2026-03-26T12:38:04","slug":"grauer-burgunder-qualitaetswein-trocken-2","status":"publish","type":"product","link":"https:\/\/www.weingut-julianenhof.de\/weinshop\/produkt\/grauer-burgunder-qualitaetswein-trocken-2\/","title":{"rendered":"2024 | Grauer Burgunder Qualit\u00e4tswein trocken"},"content":{"rendered":"<p><span style=\"font-size: 14px;\"><br \/>\nUnser Grauburgunder ist frisch und elegant. Seine Frucht und sein zarter Schmelz machen ihn zum Kundenliebling. Der Kalkboden verleiht diesem Wein eine leichte W\u00fcrze und das l\u00e4ngere Hefelager gibt ihm eine angeneme Struktur. Dadurch ist dieser trockene Wein auch ein vielf\u00e4ltiger Essensbegleiter.<br \/>\n<\/span><\/p>\n<table width=\"227\">\n<tbody>\n<tr>\n<td width=\"125\"><strong>Zutaten:<\/strong><\/td>\n<td width=\"102\"><\/td>\n<\/tr>\n<tr>\n<td colspan=\"2\">Trauben, Saccharose<\/td>\n<\/tr>\n<tr>\n<td colspan=\"2\">S\u00e4ureregulator: Milchs\u00e4ure<\/td>\n<\/tr>\n<tr>\n<td colspan=\"2\">Antioxidationsmittel:<strong> Sulfite<\/strong><\/td>\n<\/tr>\n<tr>\n<td colspan=\"2\">unter Schutzatmosph\u00e4re abgef\u00fcllt<\/td>\n<\/tr>\n<\/tbody>\n<\/table>\n<p>&nbsp;<\/p>\n<table width=\"358\">\n<tbody>\n<tr>\n<td width=\"145\"><strong>100ml enthalten durchschnittlich<\/strong><\/td>\n<td width=\"213\"><\/td>\n<\/tr>\n<tr>\n<td>Brennwert:<\/td>\n<td>295kJ\/71kcal<\/td>\n<\/tr>\n<tr>\n<td>Kohlenhydrate:<\/td>\n<td>1,0g<\/td>\n<\/tr>\n<tr>\n<td>davon Zucker:<\/td>\n<td>0,4g<\/td>\n<\/tr>\n<tr>\n<td>Enth\u00e4lt geringf\u00fcgige Mengen von Fett<\/td>\n<td><\/td>\n<\/tr>\n<tr>\n<td colspan=\"2\">ges\u00e4ttigten Fetts\u00e4uren,Eiwei\u00df und Salz<\/td>\n<\/tr>\n<\/tbody>\n<\/table>\n","protected":false},"excerpt":{"rendered":"<p>Unser Grauburgunder ist frisch und elegant. Seine Frucht und sein zarter Schmelz machen ihn zum Kundenliebling. Der Kalkboden verleiht diesem Wein eine leichte W\u00fcrze und das l\u00e4ngere Hefelager gibt ihm eine angeneme Struktur. Dadurch ist dieser trockene Wein auch ein vielf\u00e4ltiger Essensbegleiter. Zutaten: Trauben, Saccharose S\u00e4ureregulator: Milchs\u00e4ure Antioxidationsmittel: Sulfite unter Schutzatmosph\u00e4re abgef\u00fcllt &nbsp; 100ml enthalten [&hellip;]<\/p>\n","protected":false},"featured_media":2369,"comment_status":"open","ping_status":"closed","template":"","meta":{"_et_pb_use_builder":"","_et_pb_old_content":"","_et_gb_content_width":""},"product_cat":[27,46,68,53,59],"product_tag":[],"acf":[],"_links":{"self":[{"href":"https:\/\/www.weingut-julianenhof.de\/weinshop\/wp-json\/wp\/v2\/product\/3077"}],"collection":[{"href":"https:\/\/www.weingut-julianenhof.de\/weinshop\/wp-json\/wp\/v2\/product"}],"about":[{"href":"https:\/\/www.weingut-julianenhof.de\/weinshop\/wp-json\/wp\/v2\/types\/product"}],"replies":[{"embeddable":true,"href":"https:\/\/www.weingut-julianenhof.de\/weinshop\/wp-json\/wp\/v2\/comments?post=3077"}],"wp:featuredmedia":[{"embeddable":true,"href":"https:\/\/www.weingut-julianenhof.de\/weinshop\/wp-json\/wp\/v2\/media\/2369"}],"wp:attachment":[{"href":"https:\/\/www.weingut-julianenhof.de\/weinshop\/wp-json\/wp\/v2\/media?parent=3077"}],"wp:term":[{"taxonomy":"product_cat","embeddable":true,"href":"https:\/\/www.weingut-julianenhof.de\/weinshop\/wp-json\/wp\/v2\/product_cat?post=3077"},{"taxonomy":"product_tag","embeddable":true,"href":"https:\/\/www.weingut-julianenhof.de\/weinshop\/wp-json\/wp\/v2\/product_tag?post=3077"}],"curies":[{"name":"wp","href":"https:\/\/api.w.org\/{rel}","templated":true}]}}