{"id":3097,"date":"2025-07-16T17:36:06","date_gmt":"2025-07-16T15:36:06","guid":{"rendered":"https:\/\/www.weingut-julianenhof.de\/weinshop\/produkt\/niersteiner-orbel-riesling-qualitaetswein-2\/"},"modified":"2025-12-15T17:24:39","modified_gmt":"2025-12-15T16:24:39","slug":"niersteiner-orbel-riesling-qualitaetswein-2","status":"publish","type":"product","link":"https:\/\/www.weingut-julianenhof.de\/weinshop\/produkt\/niersteiner-orbel-riesling-qualitaetswein-2\/","title":{"rendered":"2023 | Niersteiner Orbel Riesling Qualit\u00e4tswein trocken"},"content":{"rendered":"<p>Der Orbel ist eine reine S\u00fcdlage im Roten Hang. Tags\u00fcber erw\u00e4rmt sich der Weinberg durch die direkte Sonneneinstrahlung, Nachts sinkt die Temperatur jedoch durch K\u00fchle Luft, die zum Rhein zieht.<br \/>\nDieser Weinberg ist unsere steilste Lage und wird nur von Hand bearbeitet.<\/p>\n<p>Im Laufe der Jahrhunderte hat sich der Name \u00bbOrbel\u00ab aus dem urspru\u0308nglichen \u00bb\u00d6lbel\u00ab (kr\u00e4ftiger, vierschr\u00f6tiger Kerl) entwickelt. \u00bbOrbel\u00ab nimmt damit Bezug auf die k\u00f6rperreichen, gehaltvollen Weine, wie sie fu\u0308r diese Lage typisch sind.<\/p>\n","protected":false},"excerpt":{"rendered":"<p>Der Orbel ist eine reine S\u00fcdlage im Roten Hang. Tags\u00fcber erw\u00e4rmt sich der Weinberg durch die direkte Sonneneinstrahlung, Nachts sinkt die Temperatur jedoch durch K\u00fchle Luft, die zum Rhein zieht. Dieser Weinberg ist unsere steilste Lage und wird nur von Hand bearbeitet. Im Laufe der Jahrhunderte hat sich der Name \u00bbOrbel\u00ab aus dem urspru\u0308nglichen \u00bb\u00d6lbel\u00ab [&hellip;]<\/p>\n","protected":false},"featured_media":2536,"comment_status":"open","ping_status":"closed","template":"","meta":{"_et_pb_use_builder":"","_et_pb_old_content":"","_et_gb_content_width":""},"product_cat":[25,46,68,53,60],"product_tag":[],"acf":[],"_links":{"self":[{"href":"https:\/\/www.weingut-julianenhof.de\/weinshop\/wp-json\/wp\/v2\/product\/3097"}],"collection":[{"href":"https:\/\/www.weingut-julianenhof.de\/weinshop\/wp-json\/wp\/v2\/product"}],"about":[{"href":"https:\/\/www.weingut-julianenhof.de\/weinshop\/wp-json\/wp\/v2\/types\/product"}],"replies":[{"embeddable":true,"href":"https:\/\/www.weingut-julianenhof.de\/weinshop\/wp-json\/wp\/v2\/comments?post=3097"}],"wp:featuredmedia":[{"embeddable":true,"href":"https:\/\/www.weingut-julianenhof.de\/weinshop\/wp-json\/wp\/v2\/media\/2536"}],"wp:attachment":[{"href":"https:\/\/www.weingut-julianenhof.de\/weinshop\/wp-json\/wp\/v2\/media?parent=3097"}],"wp:term":[{"taxonomy":"product_cat","embeddable":true,"href":"https:\/\/www.weingut-julianenhof.de\/weinshop\/wp-json\/wp\/v2\/product_cat?post=3097"},{"taxonomy":"product_tag","embeddable":true,"href":"https:\/\/www.weingut-julianenhof.de\/weinshop\/wp-json\/wp\/v2\/product_tag?post=3097"}],"curies":[{"name":"wp","href":"https:\/\/api.w.org\/{rel}","templated":true}]}}