{"id":3098,"date":"2025-07-16T17:36:08","date_gmt":"2025-07-16T15:36:08","guid":{"rendered":"https:\/\/www.weingut-julianenhof.de\/weinshop\/produkt\/niersteiner-pettenthal-riesling-qualitaetswein-2\/"},"modified":"2025-12-14T19:35:35","modified_gmt":"2025-12-14T18:35:35","slug":"niersteiner-pettenthal-riesling-qualitaetswein-2","status":"publish","type":"product","link":"https:\/\/www.weingut-julianenhof.de\/weinshop\/produkt\/niersteiner-pettenthal-riesling-qualitaetswein-2\/","title":{"rendered":"2023 | Niersteiner Pettenthal Riesling Qualit\u00e4tswein trocken"},"content":{"rendered":"<p>Unser Pettenthal ist ein nord-\u00f6stlich\u00a0 zum Rhein ausgerichteter Weinberg. Durch die etwas k\u00fchlere Lage reifen die Trauben dort besonders Lange, bis Sie dann von Hand selektiv gerntet werden. Nach 24- st\u00fcndiger Maischestandzeit werden die Trauben schonend gepresst und spontan im St\u00fcckfass vergoren. Nach 10 Monaten Reifezeit auf der Hefe wurde der Wein dann gef\u00fcllt.<\/p>\n","protected":false},"excerpt":{"rendered":"<p>Unser Pettenthal ist ein nord-\u00f6stlich\u00a0 zum Rhein ausgerichteter Weinberg. Durch die etwas k\u00fchlere Lage reifen die Trauben dort besonders Lange, bis Sie dann von Hand selektiv gerntet werden. Nach 24- st\u00fcndiger Maischestandzeit werden die Trauben schonend gepresst und spontan im St\u00fcckfass vergoren. Nach 10 Monaten Reifezeit auf der Hefe wurde der Wein dann gef\u00fcllt.<\/p>\n","protected":false},"featured_media":2732,"comment_status":"open","ping_status":"closed","template":"","meta":{"_et_pb_use_builder":"","_et_pb_old_content":"","_et_gb_content_width":""},"product_cat":[25,46,68,53,60],"product_tag":[],"acf":[],"_links":{"self":[{"href":"https:\/\/www.weingut-julianenhof.de\/weinshop\/wp-json\/wp\/v2\/product\/3098"}],"collection":[{"href":"https:\/\/www.weingut-julianenhof.de\/weinshop\/wp-json\/wp\/v2\/product"}],"about":[{"href":"https:\/\/www.weingut-julianenhof.de\/weinshop\/wp-json\/wp\/v2\/types\/product"}],"replies":[{"embeddable":true,"href":"https:\/\/www.weingut-julianenhof.de\/weinshop\/wp-json\/wp\/v2\/comments?post=3098"}],"wp:featuredmedia":[{"embeddable":true,"href":"https:\/\/www.weingut-julianenhof.de\/weinshop\/wp-json\/wp\/v2\/media\/2732"}],"wp:attachment":[{"href":"https:\/\/www.weingut-julianenhof.de\/weinshop\/wp-json\/wp\/v2\/media?parent=3098"}],"wp:term":[{"taxonomy":"product_cat","embeddable":true,"href":"https:\/\/www.weingut-julianenhof.de\/weinshop\/wp-json\/wp\/v2\/product_cat?post=3098"},{"taxonomy":"product_tag","embeddable":true,"href":"https:\/\/www.weingut-julianenhof.de\/weinshop\/wp-json\/wp\/v2\/product_tag?post=3098"}],"curies":[{"name":"wp","href":"https:\/\/api.w.org\/{rel}","templated":true}]}}