{"id":3099,"date":"2025-07-16T17:36:09","date_gmt":"2025-07-16T15:36:09","guid":{"rendered":"https:\/\/www.weingut-julianenhof.de\/weinshop\/produkt\/riesling-qualitaetswein-trocken\/"},"modified":"2026-03-29T15:49:19","modified_gmt":"2026-03-29T13:49:19","slug":"riesling-qualitaetswein-trocken","status":"publish","type":"product","link":"https:\/\/www.weingut-julianenhof.de\/weinshop\/produkt\/riesling-qualitaetswein-trocken\/","title":{"rendered":"2024 Riesling Qualit\u00e4tswein trocken 1L"},"content":{"rendered":"<p>Erfrischend fruchtiger Riesling f\u00fcr jeden Anlass.<\/p>\n<table width=\"227\">\n<tbody>\n<tr>\n<td width=\"125\"><strong>Zutaten:<\/strong><\/td>\n<\/tr>\n<tr>\n<td>Trauben, Saccharose<\/td>\n<\/tr>\n<tr>\n<td>unter Schutzatmosph\u00e4re abgef\u00fcllt<\/td>\n<\/tr>\n<\/tbody>\n<\/table>\n<table style=\"width: 358px;\">\n<tbody>\n<tr>\n<td style=\"width: 237.233px;\"><strong>100ml enthalten durchschnittlich<\/strong><\/td>\n<td style=\"width: 102.767px;\"><\/td>\n<\/tr>\n<tr>\n<td style=\"width: 237.233px;\">Brennwert:<\/td>\n<td style=\"width: 102.767px;\">268 kJ \/ 68 kcal<\/td>\n<\/tr>\n<tr>\n<td style=\"width: 237.233px;\">Kohlenhydrate:<\/td>\n<td style=\"width: 102.767px;\">1,1<\/td>\n<\/tr>\n<tr>\n<td style=\"width: 237.233px;\">davon Zucker:<\/td>\n<td style=\"width: 102.767px;\">0,5<\/td>\n<\/tr>\n<tr>\n<td style=\"width: 237.233px;\">Enth\u00e4lt geringf\u00fcgige Mengen von Fett<\/td>\n<td style=\"width: 102.767px;\"><\/td>\n<\/tr>\n<tr>\n<td style=\"width: 237.233px;\">ges\u00e4ttigten Fetts\u00e4uren,Eiwei\u00df und Salz<\/td>\n<td style=\"width: 102.767px;\"><\/td>\n<\/tr>\n<\/tbody>\n<\/table>\n<p>&nbsp;<\/p>\n","protected":false},"excerpt":{"rendered":"<p>Erfrischend fruchtiger Riesling f\u00fcr jeden Anlass. Zutaten: Trauben, Saccharose unter Schutzatmosph\u00e4re abgef\u00fcllt 100ml enthalten durchschnittlich Brennwert: 268 kJ \/ 68 kcal Kohlenhydrate: 1,1 davon Zucker: 0,5 Enth\u00e4lt geringf\u00fcgige Mengen von Fett ges\u00e4ttigten Fetts\u00e4uren,Eiwei\u00df und Salz &nbsp;<\/p>\n","protected":false},"featured_media":0,"comment_status":"open","ping_status":"closed","template":"","meta":{"_et_pb_use_builder":"","_et_pb_old_content":"","_et_gb_content_width":""},"product_cat":[27,46,68,60],"product_tag":[],"acf":[],"_links":{"self":[{"href":"https:\/\/www.weingut-julianenhof.de\/weinshop\/wp-json\/wp\/v2\/product\/3099"}],"collection":[{"href":"https:\/\/www.weingut-julianenhof.de\/weinshop\/wp-json\/wp\/v2\/product"}],"about":[{"href":"https:\/\/www.weingut-julianenhof.de\/weinshop\/wp-json\/wp\/v2\/types\/product"}],"replies":[{"embeddable":true,"href":"https:\/\/www.weingut-julianenhof.de\/weinshop\/wp-json\/wp\/v2\/comments?post=3099"}],"wp:attachment":[{"href":"https:\/\/www.weingut-julianenhof.de\/weinshop\/wp-json\/wp\/v2\/media?parent=3099"}],"wp:term":[{"taxonomy":"product_cat","embeddable":true,"href":"https:\/\/www.weingut-julianenhof.de\/weinshop\/wp-json\/wp\/v2\/product_cat?post=3099"},{"taxonomy":"product_tag","embeddable":true,"href":"https:\/\/www.weingut-julianenhof.de\/weinshop\/wp-json\/wp\/v2\/product_tag?post=3099"}],"curies":[{"name":"wp","href":"https:\/\/api.w.org\/{rel}","templated":true}]}}