{"id":3139,"date":"2025-10-27T11:53:55","date_gmt":"2025-10-27T10:53:55","guid":{"rendered":"https:\/\/www.weingut-julianenhof.de\/weinshop\/produkt\/bacchus-qualitaetswein-lieblich-2\/"},"modified":"2026-03-29T15:47:55","modified_gmt":"2026-03-29T13:47:55","slug":"bacchus-qualitaetswein-lieblich-2","status":"publish","type":"product","link":"https:\/\/www.weingut-julianenhof.de\/weinshop\/produkt\/bacchus-qualitaetswein-lieblich-2\/","title":{"rendered":"2024 | Bacchus Qualit\u00e4tswein lieblich"},"content":{"rendered":"<table width=\"227\">\n<tbody>\n<tr>\n<td width=\"125\"><strong>Zutaten:<\/strong><\/td>\n<\/tr>\n<tr>\n<td>Trauben, Saccharose<br \/>\nS\u00e4ureregulator: Zitronens\u00e4ure<\/td>\n<\/tr>\n<tr>\n<td>Antioxidationsmittel:<strong> Sulfite<\/strong><\/td>\n<\/tr>\n<tr>\n<td>unter Schutzatmosph\u00e4re abgef\u00fcllt<\/td>\n<\/tr>\n<\/tbody>\n<\/table>\n<table>\n<tbody>\n<tr>\n<td><strong>100ml enthalten durchschnittlich<\/strong><\/td>\n<td><\/td>\n<\/tr>\n<tr>\n<td>Brennwert:<\/td>\n<td>284 kJ\/ 68 kcal<\/td>\n<\/tr>\n<tr>\n<td>Kohlenhydrate:<\/td>\n<td>5,0<\/td>\n<\/tr>\n<tr>\n<td>davon Zucker:<\/td>\n<td>4,4<\/td>\n<\/tr>\n<tr>\n<td>Enth\u00e4lt geringf\u00fcgige Mengen von Fett<\/td>\n<td><\/td>\n<\/tr>\n<tr>\n<td>ges\u00e4ttigten Fetts\u00e4uren,Eiwei\u00df und Salz<\/td>\n<td><\/td>\n<\/tr>\n<\/tbody>\n<\/table>\n<p>&nbsp;<\/p>\n","protected":false},"excerpt":{"rendered":"<p>Zutaten: Trauben, Saccharose S\u00e4ureregulator: Zitronens\u00e4ure Antioxidationsmittel: Sulfite unter Schutzatmosph\u00e4re abgef\u00fcllt 100ml enthalten durchschnittlich Brennwert: 284 kJ\/ 68 kcal Kohlenhydrate: 5,0 davon Zucker: 4,4 Enth\u00e4lt geringf\u00fcgige Mengen von Fett ges\u00e4ttigten Fetts\u00e4uren,Eiwei\u00df und Salz &nbsp;<\/p>\n","protected":false},"featured_media":2243,"comment_status":"open","ping_status":"closed","template":"","meta":{"_et_pb_use_builder":"","_et_pb_old_content":"","_et_gb_content_width":""},"product_cat":[27,46,68,67,53,54],"product_tag":[],"acf":[],"_links":{"self":[{"href":"https:\/\/www.weingut-julianenhof.de\/weinshop\/wp-json\/wp\/v2\/product\/3139"}],"collection":[{"href":"https:\/\/www.weingut-julianenhof.de\/weinshop\/wp-json\/wp\/v2\/product"}],"about":[{"href":"https:\/\/www.weingut-julianenhof.de\/weinshop\/wp-json\/wp\/v2\/types\/product"}],"replies":[{"embeddable":true,"href":"https:\/\/www.weingut-julianenhof.de\/weinshop\/wp-json\/wp\/v2\/comments?post=3139"}],"wp:featuredmedia":[{"embeddable":true,"href":"https:\/\/www.weingut-julianenhof.de\/weinshop\/wp-json\/wp\/v2\/media\/2243"}],"wp:attachment":[{"href":"https:\/\/www.weingut-julianenhof.de\/weinshop\/wp-json\/wp\/v2\/media?parent=3139"}],"wp:term":[{"taxonomy":"product_cat","embeddable":true,"href":"https:\/\/www.weingut-julianenhof.de\/weinshop\/wp-json\/wp\/v2\/product_cat?post=3139"},{"taxonomy":"product_tag","embeddable":true,"href":"https:\/\/www.weingut-julianenhof.de\/weinshop\/wp-json\/wp\/v2\/product_tag?post=3139"}],"curies":[{"name":"wp","href":"https:\/\/api.w.org\/{rel}","templated":true}]}}