{"id":3152,"date":"2025-11-14T11:30:45","date_gmt":"2025-11-14T10:30:45","guid":{"rendered":"https:\/\/www.weingut-julianenhof.de\/weinshop\/produkt\/burgunderpaket\/"},"modified":"2026-03-21T19:50:45","modified_gmt":"2026-03-21T18:50:45","slug":"burgunderpaket","status":"publish","type":"product","link":"https:\/\/www.weingut-julianenhof.de\/weinshop\/produkt\/burgunderpaket\/","title":{"rendered":"Burgunderpaket versandkostenfrei"},"content":{"rendered":"<p>Genie\u00dfen Sie die Vielseitigkeit der Burgunderfamilie.<\/p>\n<p>Dieses Paket enth\u00e4lt jeweils 2 Flaschen<br \/>\n<a href=\"https:\/\/www.weingut-julianenhof.de\/weinshop\/produkt\/niersteiner-spaetburgunder-rotwein-qualitaetswein-trocken\/\">2022 | Niersteiner Sp\u00e4tburgunder Rotwein Qualit\u00e4tswein trocken<\/a><br \/>\n<a href=\"https:\/\/www.weingut-julianenhof.de\/weinshop\/produkt\/grauer-burgunder-qualitaetswein-trocken-2\/\">2024 | Grauer Burgunder Qualit\u00e4tswein trocken<\/a><br \/>\n<a href=\"https:\/\/www.weingut-julianenhof.de\/weinshop\/produkt\/niersteiner-weissburgunder-trocken-2\/\">2024 | Niersteiner Wei\u00dfburgunder trocken<\/a><\/p>\n","protected":false},"excerpt":{"rendered":"<p>Genie\u00dfen Sie die Vielseitigkeit der Burgunderfamilie. Dieses Paket enth\u00e4lt jeweils 2 Flaschen 2022 | Niersteiner Sp\u00e4tburgunder Rotwein Qualit\u00e4tswein trocken 2024 | Grauer Burgunder Qualit\u00e4tswein trocken 2024 | Niersteiner Wei\u00dfburgunder trocken<\/p>\n","protected":false},"featured_media":3163,"comment_status":"open","ping_status":"closed","template":"","meta":{"_et_pb_use_builder":"","_et_pb_old_content":"","_et_gb_content_width":""},"product_cat":[46,68,52,50],"product_tag":[],"acf":[],"_links":{"self":[{"href":"https:\/\/www.weingut-julianenhof.de\/weinshop\/wp-json\/wp\/v2\/product\/3152"}],"collection":[{"href":"https:\/\/www.weingut-julianenhof.de\/weinshop\/wp-json\/wp\/v2\/product"}],"about":[{"href":"https:\/\/www.weingut-julianenhof.de\/weinshop\/wp-json\/wp\/v2\/types\/product"}],"replies":[{"embeddable":true,"href":"https:\/\/www.weingut-julianenhof.de\/weinshop\/wp-json\/wp\/v2\/comments?post=3152"}],"wp:featuredmedia":[{"embeddable":true,"href":"https:\/\/www.weingut-julianenhof.de\/weinshop\/wp-json\/wp\/v2\/media\/3163"}],"wp:attachment":[{"href":"https:\/\/www.weingut-julianenhof.de\/weinshop\/wp-json\/wp\/v2\/media?parent=3152"}],"wp:term":[{"taxonomy":"product_cat","embeddable":true,"href":"https:\/\/www.weingut-julianenhof.de\/weinshop\/wp-json\/wp\/v2\/product_cat?post=3152"},{"taxonomy":"product_tag","embeddable":true,"href":"https:\/\/www.weingut-julianenhof.de\/weinshop\/wp-json\/wp\/v2\/product_tag?post=3152"}],"curies":[{"name":"wp","href":"https:\/\/api.w.org\/{rel}","templated":true}]}}