{"id":3213,"date":"2026-03-20T11:54:58","date_gmt":"2026-03-20T10:54:58","guid":{"rendered":"https:\/\/www.weingut-julianenhof.de\/weinshop\/produkt\/osterpaket\/"},"modified":"2026-03-23T17:56:28","modified_gmt":"2026-03-23T16:56:28","slug":"osterpaket","status":"publish","type":"product","link":"https:\/\/www.weingut-julianenhof.de\/weinshop\/produkt\/osterpaket\/","title":{"rendered":"Osterpaket &#8211; versandkostenfrei"},"content":{"rendered":"<p>In unserem Osterpaket haben wir f\u00fcr Sie die perfekten Weine f\u00fcr die ersten Fr\u00fchlingstage zusammengestellt:<\/p>\n<p>1.\u00a0<a href=\"https:\/\/www.weingut-julianenhof.de\/weinshop\/produkt\/beasecco\/\">Bea`Secco<\/a><br \/>\n2.\u00a0<a href=\"https:\/\/www.weingut-julianenhof.de\/weinshop\/produkt\/niersteiner-roter-hang-riesling-qualitaetswein-trocken-2\/\">2024 | Niersteiner Riesling Qualit\u00e4tswein <\/a><a href=\"https:\/\/www.weingut-julianenhof.de\/weinshop\/produkt\/niersteiner-roter-hang-riesling-qualitaetswein-trocken-2\/\">&#8220;Roter Hang&#8221;<\/a><a href=\"https:\/\/www.weingut-julianenhof.de\/weinshop\/produkt\/niersteiner-roter-hang-riesling-qualitaetswein-trocken-2\/\"> trocken<\/a><br \/>\n3.\u00a0<a href=\"https:\/\/www.weingut-julianenhof.de\/weinshop\/produkt\/niersteiner-silvaner-alte-reben-qualitaetswein-2\/\">2024 | Niersteiner Silvaner &#8220;Alte Reben&#8221; Qualit\u00e4tswein trocken<\/a><br \/>\n4.\u00a0<a href=\"https:\/\/www.weingut-julianenhof.de\/weinshop\/produkt\/2024-merlot-rose\/\">2024 | Merlot Ros\u00e9 trocken<\/a><br \/>\n5.\u00a0<a href=\"https:\/\/www.weingut-julianenhof.de\/weinshop\/produkt\/spaetburgunder-weissherbst-qualitaetswein-2\/\">2024 | Sp\u00e4tburgunder Wei\u00dfherbst Qualit\u00e4tswein<\/a><br \/>\n6.\u00a0<a href=\"https:\/\/www.weingut-julianenhof.de\/weinshop\/produkt\/bacchus-qualitaetswein-lieblich-2\/\">2024 | Bacchus Qualit\u00e4tswein lieblich<\/a><\/p>\n","protected":false},"excerpt":{"rendered":"<p>In unserem Osterpaket haben wir f\u00fcr Sie die perfekten Weine f\u00fcr die ersten Fr\u00fchlingstage zusammengestellt: 1.\u00a0Bea`Secco 2.\u00a02024 | Niersteiner Riesling Qualit\u00e4tswein &#8220;Roter Hang&#8221; trocken 3.\u00a02024 | Niersteiner Silvaner &#8220;Alte Reben&#8221; Qualit\u00e4tswein trocken 4.\u00a02024 | Merlot Ros\u00e9 trocken 5.\u00a02024 | Sp\u00e4tburgunder Wei\u00dfherbst Qualit\u00e4tswein 6.\u00a02024 | Bacchus Qualit\u00e4tswein lieblich<\/p>\n","protected":false},"featured_media":3216,"comment_status":"open","ping_status":"closed","template":"","meta":{"_et_pb_use_builder":"","_et_pb_old_content":"","_et_gb_content_width":""},"product_cat":[52,50],"product_tag":[],"acf":[],"_links":{"self":[{"href":"https:\/\/www.weingut-julianenhof.de\/weinshop\/wp-json\/wp\/v2\/product\/3213"}],"collection":[{"href":"https:\/\/www.weingut-julianenhof.de\/weinshop\/wp-json\/wp\/v2\/product"}],"about":[{"href":"https:\/\/www.weingut-julianenhof.de\/weinshop\/wp-json\/wp\/v2\/types\/product"}],"replies":[{"embeddable":true,"href":"https:\/\/www.weingut-julianenhof.de\/weinshop\/wp-json\/wp\/v2\/comments?post=3213"}],"wp:featuredmedia":[{"embeddable":true,"href":"https:\/\/www.weingut-julianenhof.de\/weinshop\/wp-json\/wp\/v2\/media\/3216"}],"wp:attachment":[{"href":"https:\/\/www.weingut-julianenhof.de\/weinshop\/wp-json\/wp\/v2\/media?parent=3213"}],"wp:term":[{"taxonomy":"product_cat","embeddable":true,"href":"https:\/\/www.weingut-julianenhof.de\/weinshop\/wp-json\/wp\/v2\/product_cat?post=3213"},{"taxonomy":"product_tag","embeddable":true,"href":"https:\/\/www.weingut-julianenhof.de\/weinshop\/wp-json\/wp\/v2\/product_tag?post=3213"}],"curies":[{"name":"wp","href":"https:\/\/api.w.org\/{rel}","templated":true}]}}